{"id":10,"date":"2019-12-30T20:02:36","date_gmt":"2019-12-30T18:02:36","guid":{"rendered":"http:\/\/testi.koiratuotteet.fi\/?page_id=10"},"modified":"2020-02-16T17:16:51","modified_gmt":"2020-02-16T15:16:51","slug":"yhteystiedot","status":"publish","type":"page","link":"https:\/\/www.lvisos.fi\/?page_id=10","title":{"rendered":"YHTEYSTIEDOT"},"content":{"rendered":"<p><img loading=\"lazy\" decoding=\"async\" class=\"aligncenter  wp-image-176\" src=\"https:\/\/www.lvisos.fi\/wp-content\/uploads\/2019\/12\/yhteystiedot_jakaja3.jpg\" alt=\"\" width=\"586\" height=\"373\"><\/p>\n<p>Yhteystiedot:<\/p>\n<p><strong>LVISOS Oy<\/strong><\/p>\n<p>040 7091300\/ Pekka V\u00e4liaho<br>pekka.valiaho@gmail.com<\/p>\n<p>Saarim\u00e4entie 182<br>63680 Hakoj\u00e4rvi<br>Y-tunnus: 2992732-8<\/p>\n<p><\/p>\n\n\n<p><\/p>\n","protected":false},"excerpt":{"rendered":"<p>Yhteystiedot: LVISOS Oy 040 7091300\/ Pekka V\u00e4liahopekka.valiaho@gmail.com Saarim\u00e4entie 18263680 Hakoj\u00e4rviY-tunnus: 2992732-8<\/p>\n","protected":false},"author":1,"featured_media":0,"parent":0,"menu_order":0,"comment_status":"closed","ping_status":"closed","template":"","meta":{"footnotes":""},"class_list":["post-10","page","type-page","status-publish","hentry","post"],"_links":{"self":[{"href":"https:\/\/www.lvisos.fi\/index.php?rest_route=\/wp\/v2\/pages\/10","targetHints":{"allow":["GET"]}}],"collection":[{"href":"https:\/\/www.lvisos.fi\/index.php?rest_route=\/wp\/v2\/pages"}],"about":[{"href":"https:\/\/www.lvisos.fi\/index.php?rest_route=\/wp\/v2\/types\/page"}],"author":[{"embeddable":true,"href":"https:\/\/www.lvisos.fi\/index.php?rest_route=\/wp\/v2\/users\/1"}],"replies":[{"embeddable":true,"href":"https:\/\/www.lvisos.fi\/index.php?rest_route=%2Fwp%2Fv2%2Fcomments&post=10"}],"version-history":[{"count":2,"href":"https:\/\/www.lvisos.fi\/index.php?rest_route=\/wp\/v2\/pages\/10\/revisions"}],"predecessor-version":[{"id":50,"href":"https:\/\/www.lvisos.fi\/index.php?rest_route=\/wp\/v2\/pages\/10\/revisions\/50"}],"wp:attachment":[{"href":"https:\/\/www.lvisos.fi\/index.php?rest_route=%2Fwp%2Fv2%2Fmedia&parent=10"}],"curies":[{"name":"wp","href":"https:\/\/api.w.org\/{rel}","templated":true}]}}