{"id":6,"date":"2019-12-30T19:10:19","date_gmt":"2019-12-30T17:10:19","guid":{"rendered":"http:\/\/testi.koiratuotteet.fi\/?page_id=6"},"modified":"2019-12-30T19:10:19","modified_gmt":"2019-12-30T17:10:19","slug":"etusivu","status":"publish","type":"page","link":"https:\/\/www.lvisos.fi\/","title":{"rendered":"ETUSIVU"},"content":{"rendered":"<p>LVISOS Oy on vuonna 2019 perustettu, lvi-asennuksia ja huoltoja suorittava yritys.<\/p>\n\n\n<p>Yrityksen kotipaikka on Alavuden kaupungissa, Hakoj\u00e4rven kyl\u00e4ll\u00e4 ja toimimme p\u00e4\u00e4asiassa noin 50km s\u00e4teell\u00e4 kotikaupungistamme Etel\u00e4-Pohjanmaalla ja Suomensel\u00e4n alueella, erikseen sovittaessa kauempanakin. <\/p>\n\n\n\n<p>Korjaamme tai vaihdamme uusiin vuotavat putket ja vesikalusteet, sek\u00e4 autamme kaikissa alan ongelmissa vuosien ammattikokemuksella. Koskipa putkimiehen tarpeesi saneeraus- tai uudiskohdetta, ota yhteytt\u00e4 ja kysy lis\u00e4\u00e4. <\/p>\n","protected":false},"excerpt":{"rendered":"<p>LVISOS Oy on vuonna 2019 perustettu, lvi-asennuksia ja huoltoja suorittava yritys. Yrityksen kotipaikka on Alavuden kaupungissa, Hakoj\u00e4rven kyl\u00e4ll\u00e4 ja toimimme p\u00e4\u00e4asiassa noin 50km s\u00e4teell\u00e4 kotikaupungistamme Etel\u00e4-Pohjanmaalla ja Suomensel\u00e4n alueella, erikseen sovittaessa kauempanakin. Korjaamme tai vaihdamme uusiin vuotavat putket ja vesikalusteet, sek\u00e4 autamme kaikissa alan ongelmissa vuosien ammattikokemuksella. Koskipa putkimiehen tarpeesi saneeraus- tai uudiskohdetta, ota yhteytt\u00e4 [&hellip;]<\/p>\n","protected":false},"author":1,"featured_media":0,"parent":0,"menu_order":0,"comment_status":"closed","ping_status":"closed","template":"","meta":{"footnotes":""},"class_list":["post-6","page","type-page","status-publish","hentry","post"],"_links":{"self":[{"href":"https:\/\/www.lvisos.fi\/index.php?rest_route=\/wp\/v2\/pages\/6","targetHints":{"allow":["GET"]}}],"collection":[{"href":"https:\/\/www.lvisos.fi\/index.php?rest_route=\/wp\/v2\/pages"}],"about":[{"href":"https:\/\/www.lvisos.fi\/index.php?rest_route=\/wp\/v2\/types\/page"}],"author":[{"embeddable":true,"href":"https:\/\/www.lvisos.fi\/index.php?rest_route=\/wp\/v2\/users\/1"}],"replies":[{"embeddable":true,"href":"https:\/\/www.lvisos.fi\/index.php?rest_route=%2Fwp%2Fv2%2Fcomments&post=6"}],"version-history":[{"count":1,"href":"https:\/\/www.lvisos.fi\/index.php?rest_route=\/wp\/v2\/pages\/6\/revisions"}],"predecessor-version":[{"id":7,"href":"https:\/\/www.lvisos.fi\/index.php?rest_route=\/wp\/v2\/pages\/6\/revisions\/7"}],"wp:attachment":[{"href":"https:\/\/www.lvisos.fi\/index.php?rest_route=%2Fwp%2Fv2%2Fmedia&parent=6"}],"curies":[{"name":"wp","href":"https:\/\/api.w.org\/{rel}","templated":true}]}}